{"id":1108,"date":"2025-03-04T10:28:27","date_gmt":"2025-03-04T09:28:27","guid":{"rendered":"https:\/\/www.mindsalike.es\/?page_id=1108"},"modified":"2026-01-15T12:53:54","modified_gmt":"2026-01-15T11:53:54","slug":"avis-legal","status":"publish","type":"page","link":"https:\/\/www.mindsalike.es\/ca\/avis-legal\/","title":{"rendered":"Av\u00eds legal"},"content":{"rendered":"<div class=\"fusion-fullwidth fullwidth-box fusion-builder-row-1 fusion-flex-container has-pattern-background has-mask-background nonhundred-percent-fullwidth non-hundred-percent-height-scrolling\" style=\"--awb-border-radius-top-left:0px;--awb-border-radius-top-right:0px;--awb-border-radius-bottom-right:0px;--awb-border-radius-bottom-left:0px;--awb-padding-top:150px;--awb-flex-wrap:wrap;\" ><div class=\"fusion-builder-row fusion-row fusion-flex-align-items-flex-start fusion-flex-content-wrap\" style=\"max-width:1331.2px;margin-left: calc(-4% \/ 2 );margin-right: calc(-4% \/ 2 );\"><div class=\"fusion-layout-column fusion_builder_column fusion-builder-column-0 fusion_builder_column_1_1 1_1 fusion-flex-column\" style=\"--awb-bg-size:cover;--awb-width-large:100%;--awb-margin-top-large:0px;--awb-spacing-right-large:1.92%;--awb-margin-bottom-large:0px;--awb-spacing-left-large:1.92%;--awb-width-medium:100%;--awb-spacing-right-medium:1.92%;--awb-spacing-left-medium:1.92%;--awb-width-small:100%;--awb-spacing-right-small:1.92%;--awb-spacing-left-small:1.92%;\"><div class=\"fusion-column-wrapper fusion-flex-justify-content-flex-start fusion-content-layout-column\"><div class=\"fusion-text fusion-text-1\"><p><strong>Aviso legal y Pol\u00edtica de Privacidad<br \/>\n<\/strong><em>(actualizado \u00a0a 26 de febrero de 2025)<\/em><\/p>\n<p><strong>1. DATOS IDENTIFICATIVOS<\/strong><\/p>\n<p>Esta web, cuyo titular es:<\/p>\n<p><strong>MINDS ALIKE, S.L.<br \/>\n<\/strong>con NIF B66552605<br \/>\ny domicilio en C. Paris, 207, Pral. 2,<br \/>\n08008 Barcelona (Barcelona)<br \/>\nTel\u00e9fonos y correos electr\u00f3nicos:<\/p>\n<ul>\n<li>Marta Rafel: 618 810 231 \/ mrafel@mindsalike.es<\/li>\n<\/ul>\n<p>est\u00e1 constituida por la web asociada al dominio: mindsalike.es<\/p>\n<p>En adelante al titular lo denominaremos <strong>\u201cMINDS ALIKE\u201d<\/strong>.<\/p>\n<p><strong>2. USUARIOS<\/strong><\/p>\n<p>La utilizaci\u00f3n de esta web atribuye la condici\u00f3n de <strong>USUARIO<\/strong> a quien lo haga e implica la aceptaci\u00f3n de todas las condiciones incluidas en este Aviso Legal.<\/p>\n<p>Algunos aspectos de esta web, por su especialidad, podr\u00edan estar sujetos a condiciones o reglas particulares que pueden sustituir, completar o modificar este Aviso Legal, por lo que tambi\u00e9n deben ser aceptadas por el usuario que los utilice o acceda a ellos.<\/p>\n<p>El <strong>USUARIO<\/strong> declara bajo su responsabilidad ser mayor de 14 a\u00f1os y tener capacidad suficiente para la contrataci\u00f3n o para el tratamiento de los datos de que se trate, por lo que \u201cMINDS ALIKE\u201d no es responsable del incumplimiento de este requisito.<\/p>\n<p><strong>3. USO DE LA WEB<\/strong><\/p>\n<p>El <strong>USUARIO<\/strong> se compromete a utilizar la web, los contenidos y servicios de conformidad con la Ley, el presente Aviso Legal, las buenas costumbres y el orden p\u00fablico.<\/p>\n<p>Del mismo modo, el <strong>USUARIO<\/strong> se obliga a no utilizar la web o los servicios que se presten a trav\u00e9s de ella con fines o efectos il\u00edcitos o contrarios al contenido del presente Aviso Legal, lesivos de los intereses o derechos de terceros, o que de cualquier forma pueda da\u00f1ar, inutilizar o deteriorar la web o sus servicios, o impedir un normal disfrute de la web por otros USUARIOS.<\/p>\n<p>Asimismo, el <strong>USUARIO<\/strong> se compromete expresamente a no destruir, alterar, inutilizar o, de cualquier otra forma, da\u00f1ar los datos, programas o documentos electr\u00f3nicos y dem\u00e1s que se encuentren en esta web.<\/p>\n<p>El <strong>USUARIO<\/strong> se compromete a no obstaculizar el acceso de otros usuarios al servicio de acceso mediante el consumo masivo de los recursos inform\u00e1ticos a trav\u00e9s de los cuales \u201cMINDS ALIKE\u201d presta el servicio, as\u00ed como a no realizar acciones que da\u00f1en, interrumpan o generen errores en dichos sistemas.<\/p>\n<p>El <strong>USUARIO<\/strong> se compromete a no introducir programas, virus, macros, applets, controles ActiveX o cualquier otro dispositivo l\u00f3gico o secuencia de caracteres que causen o sean susceptibles de causar cualquier tipo de alteraci\u00f3n en los sistemas inform\u00e1ticos de \u201cMINDS ALIKE\u201d o de terceros.<\/p>\n<p><strong>4. PROTECCI\u00d3N DE DATOS<\/strong><\/p>\n<p><strong>A continuaci\u00f3n, le informamos sobre la pol\u00edtica de protecci\u00f3n de datos de MINDS ALIKE, S.L.<\/strong><\/p>\n<p>Los datos de car\u00e1cter personal ser\u00e1n tratados de forma confidencial y quedar\u00e1n incorporados a la correspondiente actividad de tratamiento titularidad de\u00a0 \u201cMINDS ALIKE S.L.\u201d, con NIF B66552605, direcci\u00f3n postal: C. Paris, 207, Pral 2, 08008, Barcelona (Barcelona), tel\u00e9fono: 636 993 646 \/ 618 810 231, con el fin de informar y gestionar de las actividades, servicios y productos que ofrecidos y los solicitados y contratados, as\u00ed como para informar de las noticias, novedades y actualizaciones que se vayan produciendo en los mismos, no siendo utilizados para otras finalidades.<\/p>\n<p>Los datos proporcionados se conservar\u00e1n durante el tiempo necesario para cumplir con la finalidad solicitada y mientras se mantenga el inter\u00e9s por los servicios ofrecidos y prestados, y no informe de suprimirlos; o durante los a\u00f1os necesarios para cumplir con las obligaciones legales. Sus datos se \u00a0comunicar\u00e1n los encargados del tratamiento para dar cumplimiento a lo que ha solicitado, pero en ning\u00fan caso se cederan a terceros, salvo en los casos en que exista una obligaci\u00f3n legal.<\/p>\n<p>Puede ejercer sus derechos de acceso a datos personales, <strong>rectificaci\u00f3n, supresi\u00f3n, limitaci\u00f3n <\/strong>u<strong> oposici\u00f3n <\/strong>al tratamiento, <strong>portabilidad <\/strong>de los datos y<strong> derecho a no ser objeto de decisiones individualizadas automatizadas<\/strong> (incluida la elaboraci\u00f3n de perfiles), que le produzca efectos jur\u00eddicos o que le afecte significativamente, ante a la siguiente direcci\u00f3n <a href=\"mailto:mrafel@mindsalike.es\">mrafel@mindsalike.es<\/a><\/p>\n<p>Puede consultar la informaci\u00f3n adicional y detallada sobre la pol\u00edtica de Protecci\u00f3n de Datos en: <a href=\"https:\/\/www.mindsalike.es\/ca\/politica-de-privacitat\/\" target=\"_blank\" rel=\"noopener\">https:\/\/www.mindsalike.es\/ca\/politica-de-privacitat\/<\/a><\/p>\n<p><strong>5. PROPIEDAD INTELECTUAL E INDUSTRIAL<\/strong><\/p>\n<p>El presente sitio web se rige por las leyes espa\u00f1olas y por la legislaci\u00f3n nacional e internacional<\/p>\n<p>sobre propiedad intelectual e industrial. En ning\u00fan caso se entender\u00e1 que el acceso y navegaci\u00f3n del USUARIO por el Sitio Web o la utilizaci\u00f3n, adquisici\u00f3n y\/o contrataci\u00f3n de productos o servicios ofertados a trav\u00e9s del sitio web, implique una renuncia, transmisi\u00f3n, licencia o cesi\u00f3n total ni parcial de dichos derechos por parte de \u201cMINDS ALIKE S.L.\u201d.<\/p>\n<p>El <strong>USUARIO<\/strong> dispone de un derecho de uso estrictamente privado, exclusivamente con la finalidad de disfrutar de las prestaciones del servicio. Las referencias a nombres y marcas comerciales o registradas, logotipos u otros signos distintivos, ya sean titularidad de \u201cMINDS ALIKE S.L.\u201d o de terceras empresas, llevan impl\u00edcitas la prohibici\u00f3n sobre su uso sin el consentimiento de \u201cMINDS ALIKE S.L.\u201d o de sus leg\u00edtimos propietarios.<\/p>\n<p>En ning\u00fan momento, salvo manifestaci\u00f3n expresa, el acceso o uso del sitio web y\/o de sus contenidos y\/o servicios, confiere al <strong>USUARIO<\/strong> derecho alguno sobre las marcas, logotipos y\/o signos distintivos en \u00e9l incluidos protegidos por Ley. Quedan reservados todos los derechos de Propiedad Intelectual e Industrial sobre los contenidos y\/o servicios y, en particular, queda prohibido modificar, copiar, reproducir, comunicar p\u00fablicamente, transformar o distribuir de cualquier forma la totalidad o parte de los contenidos y\/o servicio incluidos en el Sitio Web, para prop\u00f3sitos p\u00fablicos o comerciales, si no se cuenta con la autorizaci\u00f3n previa, expresa y por escrito de \u201cMINDS ALIKE S.L.\u201d o, en su caso, del titular de los derechos correspondientes.<\/p>\n<p><strong>6. EXCLUSI\u00d3N DE GARANT\u00cdAS Y RESPONSABILIDAD<\/strong><\/p>\n<p>\u201cMINDS ALIKE S.L.\u201d no se hace responsable, en ning\u00fan caso, de los da\u00f1os y perjuicios de cualquier naturaleza que pudieran ocasionar, a t\u00edtulo enunciativo: errores u omisiones en los contenidos, falta de disponibilidad de la Web o la trasmisi\u00f3n de virus o programas maliciosos o lesivos en los contenidos, a pesar de haber adoptado todas las medidas tecnol\u00f3gicas necesarias para evitarlo.<\/p>\n<p><strong>7. MODIFICACIONES<\/strong><\/p>\n<p>\u201cMINDS ALIKE S.L.\u201d se reserva el derecho de efectuar sin previo aviso las modificaciones que considere oportunas en la Web, pudiendo cambiar, suprimir o a\u00f1adir tanto los contenidos y servicios que se presten a trav\u00e9s de la misma como la forma en la que \u00e9stos aparezcan presentados o localizados en la web.<\/p>\n<p><strong>\u00a08. ENLACES<\/strong><\/p>\n<p>Si cualquier usuario, entidad o p\u00e1gina web deseara establecer alg\u00fan tipo de enlace con destino a esta web deber\u00e1 solicitar autorizaci\u00f3n previa a la realizaci\u00f3n del enlace y por escrito.<\/p>\n<p>Por otro lado, si desde la Web de la que es titular \u201cMINDS ALIKE S.L.\u201d se puede, o se pudiera en su momento, acceder a otros enlaces o hiperv\u00ednculos a sitios webs de terceros, informamos que las pol\u00edticas de privacidad de los terceros son ajenos a \u201cMINDS ALIKE S.L.\u201d. Por ello, al acceder a tales sitios web (o portales) el <strong>USUARIO<\/strong> puede decidir si acepta o no sus pol\u00edticas de privacidad y de cookies. Con car\u00e1cter general, si navega por internet usted puede aceptar o rechazar las cookies de terceros desde las opciones de configuraci\u00f3n de su navegador.<\/p>\n<p>En ning\u00fan caso \u201cMINDS ALIKE S.L.\u201d, creadora de esta web , asumir\u00e1 responsabilidad alguna por los contenidos de alg\u00fan enlace perteneciente a una web ajena, ni garantizar\u00e1 la disponibilidad t\u00e9cnica, calidad, fiabilidad, exactitud, amplitud, veracidad, validez y constitucionalidad de cualquier material o informaci\u00f3n contenida en ninguno de dichos hiperv\u00ednculos u otros sitios de Internet.<\/p>\n<p><strong>9. DERECHO DE EXCLUSI\u00d3N<\/strong><\/p>\n<p>\u201cMINDS ALIKE S.L.\u201d se reserva el derecho a denegar o retirar el acceso a la web y\/o los servicios ofrecidos sin necesidad de preaviso, a instancia propia o de un tercero, a aquellos usuarios que incumplan las presentes condiciones.<\/p>\n<p><strong>10. GENERALIDADES<\/strong><\/p>\n<p>\u201cMINDS ALIKE S.L.\u201d perseguir\u00e1 el incumplimiento de las presentes condiciones as\u00ed como cualquier utilizaci\u00f3n indebida de su web ejerciendo todas las acciones civiles y penales que le puedan corresponder en derecho.<\/p>\n<p><strong>11. REVOCABILIDAD<\/strong><\/p>\n<p>El consentimiento prestado, tanto para el tratamiento como para la cesi\u00f3n de los datos de los interesados, es revocable en cualquier momento comunic\u00e1ndolo a \u201cMINDS ALIKE S.L.\u201d en los t\u00e9rminos establecidos en esta Pol\u00edtica para el ejercicio de los derechos. Esta revocaci\u00f3n en ning\u00fan caso tendr\u00e1 car\u00e1cter retroactivo.<\/p>\n<p><strong>12. LEGISLACI\u00d3N APLICABLE<\/strong><\/p>\n<p>Para la resoluci\u00f3n de todas las controversias o cuestiones relacionadas con el presente sitio web o de las actividades en \u00e9l desarrolladas, ser\u00e1 de aplicaci\u00f3n la legislaci\u00f3n espa\u00f1ola, a la que se someten expresamente las partes, siendo competentes para la resoluci\u00f3n de todos los conflictos derivados o relacionados con su uso los Juzgados y Tribunales de Barcelona.<\/p>\n<p><strong>13. PLATAFORMA EUROPEA DE \u201cRESOLUCI\u00d3N DE LITIGIOS EN L\u00cdNEA\u201d.<\/strong><\/p>\n<p>Para la resoluci\u00f3n de litigios en l\u00ednea en materia de consumo conforme al Art. 14.1 del Reglamento (UE) 524\/2013, la Comisi\u00f3n Europea facilita una plataforma de resoluci\u00f3n de litigios en l\u00ednea que se encuentra disponible en el siguiente enlace: <a href=\"http:\/\/ec.europa.eu\/consumers\/odr\" target=\"_blank\" rel=\"noopener\">http:\/\/ec.europa.eu\/consumers\/odr<\/a><\/p>\n<p>Esta direcci\u00f3n solo est\u00e1 disponible para consumidores residentes en la UE. Es, por tanto, incompatible con conflictos generados con otros pa\u00edses.<\/p>\n<p><strong>14. ANAL\u00cdTICA WEB<\/strong><\/p>\n<p>Esta p\u00e1gina web utiliza <strong>Google Analytics<\/strong>, un servicio anal\u00edtico de web prestado por Google, <strong>GOOGLE LLC<\/strong>, domiciliada en 1600 Amphitheatre Parkway, Mountain View, CA 94043, USA y que presta sus servicios en Europa a trav\u00e9s de <strong>GOOGLE IRELAND LIMITED<\/strong>, responsable de los datos depositados en la UE., domiciliada en Gordon House, Barrow Street, Dublin, D04 E5W5, Dublin Ireland.<\/p>\n<p>En sus condiciones, para <strong>GOOGLE ANALYTICS<\/strong>, la empresa informa (\u00daltima actualizaci\u00f3n: 16 de septiembre de 2024)<\/p>\n<p style=\"padding-left: 40px;\">\u201cMarcos legales para la transferencia de datos.<\/p>\n<p style=\"padding-left: 40px;\">\u201cMarcos de Privacidad de Datos UE-EE. UU. y Suiza-EE. UU.<\/p>\n<p style=\"padding-left: 40px;\">\u201cCl\u00e1usulas contractuales tipo.\u201d<\/p>\n<p style=\"padding-left: 40px;\">\u00bfQui\u00e9nes son los partners de Google?<\/p>\n<p style=\"padding-left: 40px;\">Se puede consultar la pol\u00edtica de privacidad y dem\u00e1s aspectos legales de dicha compa\u00f1\u00eda en los siguientes enlaces: <a href=\"https:\/\/policies.google.com\/privacy?hl=es\" target=\"_blank\" rel=\"noopener\">https:\/\/policies.google.com\/privacy?hl=es<\/a><\/p>\n<p><strong>15. TRANSFERENCIAS INTERNACIONALES<\/strong><\/p>\n<p>En algunos casos nuestros Encargados del tratamiento realizan transferencias internacionales de datos para realizar el servicio que les ha sido encargado. En estos casos, la compa\u00f1\u00eda nos informa en su pol\u00edtica de privacidad que las transferencias se realizan con las garant\u00edas adecuadas y precisas que exige el RGPD y con ello nos garantizan la protecci\u00f3n de la informaci\u00f3n que compartimos con ellos.<\/p>\n<p>Estas transferencias internacionales de datos se realizan, seg\u00fan el propio Encargado:<\/p>\n<ul>\n<li>Con base en un documento jur\u00eddico vinculante como las <strong>Cl\u00e1usulas Contractuales tipo (CCT)<\/strong> e informan en sus pol\u00edticas de privacidad que a la hora de transferir los datos personales, obtenidos de forma online, fuera de Europa cumplen con la normativa vigente.<\/li>\n<\/ul>\n<p><strong>16. UTILIZACI\u00d3N DEL SITIO WEB<\/strong><\/p>\n<p>El <strong>USUARIO<\/strong> se compromete a utilizar el Sitio Web de conformidad con la ley y con las presentes normas. El <strong>USUARIO<\/strong> se obliga asimismo a abstenerse de utilizar el sitio web con fines o efectos il\u00edcitos o contrarios a lo establecido en las normas descritas. Al utilizar los servicios, el <strong>USUARIO<\/strong> manifiesta su conformidad con estas normas, comprometi\u00e9ndose a no transmitir, difundir o poner a disposici\u00f3n de terceros a trav\u00e9s de los servicios proporcionados por \u201cMINDS ALIKE S.L.\u201d cualquier clase de material que de cualquier forma contravenga la legislaci\u00f3n vigente.<\/p>\n<p>En particular, y a t\u00edtulo meramente indicativo y no exhaustivo, el <strong>USUARIO<\/strong> se compromete a no captar datos con finalidad publicitaria, a no enviar ning\u00fan tipo de publicidad online ni cadenas de mensajes y a no transmitir, difundir o poner a disposici\u00f3n de terceros a trav\u00e9s de los Servicios proporcionados por \u201cMINDS ALIKE S.L.\u201d, informaciones, mensajes, gr\u00e1ficos, archivos de sonido o imagen, fotograf\u00edas, grabaciones, software y en general cualquier clase de material, datos o contenidos que, sin \u00e1nimo exhaustivo:<\/p>\n<ol type=\"a\">\n<li>incurran en actividades il\u00edcitas, ilegales o contrarias a la buena fe y al orden p\u00fablico<\/li>\n<li>de cualquier forma, contravengan, menosprecien o atenten contra los derechos fundamentales y libertades p\u00fablicas reconocidas constitucionalmente o en los tratados internacionales y en el resto del ordenamiento jur\u00eddico;<\/li>\n<li>induzcan, inciten o promuevan actuaciones delictivas, denigratorias, difamatorias o violentas;<\/li>\n<li>induzcan, inciten o promuevan actuaciones, actitudes o ideas discriminatorias por raz\u00f3n de sexo, raza, religi\u00f3n, creencias o edad;<\/li>\n<li>incorporen mensajes delictivos, violentos o degradantes;<\/li>\n<li>induzcan o inciten a involucrarse en pr\u00e1cticas peligrosas, de riesgo o nocivas para la salud y el equilibrio ps\u00edquico;<\/li>\n<li>sean falsos, ambiguos, inexactos, exagerados o extempor\u00e1neos, de forma que puedan inducir a error sobre su objeto o sobre las intenciones o prop\u00f3sitos del comunicante;<\/li>\n<li>se encuentren protegidos por cualesquiera derechos de propiedad intelectual o industrial pertenecientes a terceros, sin que el Usuario haya obtenido previamente de sus titulares la autorizaci\u00f3n necesaria para llevar a cabo el uso que efect\u00faa o pretende efectuar;<\/li>\n<li>violen los secretos empresariales de terceros;<\/li>\n<li>sean contrarios al derecho al honor, a la intimidad personal y familiar o a la propia imagen de las personas;<\/li>\n<li>infrinjan la normativa sobre secreto de las comunicaciones;<\/li>\n<li>provoquen por sus caracter\u00edsticas (como formato, extensi\u00f3n, etc.) dificultades en el normal funcionamiento de los Servicios.<\/li>\n<\/ol>\n<p><strong>17. CAMBIOS EN LA POL\u00cdTICA DE PRIVACIDAD<\/strong><\/p>\n<p>\u201cMINDS ALIKE S.L.\u201d se reserva el derecho a modificar la pol\u00edtica para adaptarla a novedades legislativas o jurisprudenciales.<\/p>\n<p><strong>18. REDES SOCIALES<\/strong><\/p>\n<p>Le informamos que \u201cMINDS ALIKE S.L.\u201d puede tener presencia en redes sociales. El tratamiento de los datos que se lleve a cabo de las personas que se hagan seguidoras en las redes sociales de las p\u00e1ginas oficiales de \u201cMINDS ALIKE S.L.\u201d se regir\u00e1 por este apartado, as\u00ed como por aquellas condiciones de uso, pol\u00edticas de privacidad y normativas de acceso que pertenezcan a la red social que proceda en cada caso y aceptadas previamente por el usuario.<\/p>\n<p>\u201cMINDS ALIKE S.L.\u201d tratar\u00e1 sus datos con las finalidades de administrar correctamente su presencia en la red social, inform\u00e1ndole de actividades, productos o servicios del prestador, as\u00ed como para cualquier otra finalidad que las normativas de las redes sociales permitan.<\/p>\n<p>Queda prohibida la publicaci\u00f3n de contenidos:<\/p>\n<ul>\n<li>Que sean presuntamente il\u00edcitos por la normativa nacional, comunitaria o internacional o que realicen actividades presuntamente il\u00edcitas o contravengan los principios de la buena fe.<\/li>\n<li>Que atenten contra los derechos fundamentales de las personas, falten a la cortes\u00eda en la red, molesten o puedan generar opiniones negativas en nuestros usuarios o terceros y en general cualesquiera sean los contenidos que \u201cMINDS ALIKE S.L.\u201d considere inapropiados.<\/li>\n<li>Y en general que contravengan los principios de legalidad, honradez, responsabilidad, protecci\u00f3n de la dignidad humana, protecci\u00f3n de menores, protecci\u00f3n del orden p\u00fablico, la protecci\u00f3n de la vida privada, la protecci\u00f3n del consumidor y los derechos de propiedad intelectual e industrial.<\/li>\n<\/ul>\n<p>Asimismo, \u201cMINDS ALIKE S.L.\u201d se reserva la potestad de retirar, sin previo aviso del sitio web o de la red social corporativa aquellos contenidos que se consideren inapropiados.<\/p>\n<p>Las comunicaciones remitidas a trav\u00e9s de las redes sociales ser\u00e1n incorporadas a un archivo propiedad de \u201cMINDS ALIKE S.L.\u201d, pudi\u00e9ndole enviar informaci\u00f3n de su inter\u00e9s.<\/p>\n<p>En todo caso, si remites informaci\u00f3n personal a trav\u00e9s de la red social, \u201cMINDS ALIKE S.L.\u201d quedar\u00e1 exento de responsabilidad en relaci\u00f3n a las medidas de seguridad aplicables a la presente plataforma, debiendo el usuario en caso de querer conocerlas, consultar las correspondientes condiciones particulares de la red en cuesti\u00f3n.<\/p>\n<p><strong>19. MEDIDAS DE SEGURIDAD<\/strong><\/p>\n<p>Los datos que nos facilites se tratar\u00e1n de forma confidencial. \u201cMINDS ALIKE S.L.\u201d ha adoptado todas las medidas t\u00e9cnicas y organizativas y todos los niveles de protecci\u00f3n necesarios para garantizar la seguridad en el tratamiento de los datos y evitar su alteraci\u00f3n, p\u00e9rdida, robo, tratamiento o acceso no autorizado, de acuerdo con el estado de la tecnolog\u00eda y naturaleza de los datos almacenados. As\u00ed mismo, se garantiza tambi\u00e9n que el tratamiento y registro en ficheros, programas, sistemas o equipos, locales y centros cumplen con los requisitos y condiciones de integridad y seguridad establecidas en la normativa vigente.<\/p>\n<p><strong>20. IDIOMA<\/strong><\/p>\n<p>El idioma aplicable a este Aviso Legal es el espa\u00f1ol. Por tanto, en caso de que hubiera alguna contradicci\u00f3n en alguna de las versiones facilitadas en otros idiomas, prevalecer\u00e1 la versi\u00f3n en espa\u00f1ol.<\/p>\n<\/div><\/div><\/div><\/div><\/div>\n","protected":false},"excerpt":{"rendered":"","protected":false},"author":1,"featured_media":0,"parent":0,"menu_order":0,"comment_status":"closed","ping_status":"closed","template":"100-width.php","meta":{"footnotes":""},"class_list":["post-1108","page","type-page","status-publish","hentry"],"aioseo_notices":[],"_links":{"self":[{"href":"https:\/\/www.mindsalike.es\/ca\/wp-json\/wp\/v2\/pages\/1108","targetHints":{"allow":["GET"]}}],"collection":[{"href":"https:\/\/www.mindsalike.es\/ca\/wp-json\/wp\/v2\/pages"}],"about":[{"href":"https:\/\/www.mindsalike.es\/ca\/wp-json\/wp\/v2\/types\/page"}],"author":[{"embeddable":true,"href":"https:\/\/www.mindsalike.es\/ca\/wp-json\/wp\/v2\/users\/1"}],"replies":[{"embeddable":true,"href":"https:\/\/www.mindsalike.es\/ca\/wp-json\/wp\/v2\/comments?post=1108"}],"version-history":[{"count":5,"href":"https:\/\/www.mindsalike.es\/ca\/wp-json\/wp\/v2\/pages\/1108\/revisions"}],"predecessor-version":[{"id":1190,"href":"https:\/\/www.mindsalike.es\/ca\/wp-json\/wp\/v2\/pages\/1108\/revisions\/1190"}],"wp:attachment":[{"href":"https:\/\/www.mindsalike.es\/ca\/wp-json\/wp\/v2\/media?parent=1108"}],"curies":[{"name":"wp","href":"https:\/\/api.w.org\/{rel}","templated":true}]}}