{"id":1113,"date":"2025-02-06T17:04:56","date_gmt":"2025-02-06T16:04:56","guid":{"rendered":"https:\/\/www.mindsalike.es\/?page_id=1113"},"modified":"2026-01-15T12:59:16","modified_gmt":"2026-01-15T11:59:16","slug":"politica-de-privacitat","status":"publish","type":"page","link":"https:\/\/www.mindsalike.es\/ca\/politica-de-privacitat\/","title":{"rendered":"Pol\u00edtica de privacitat"},"content":{"rendered":"<p><div class=\"fusion-fullwidth fullwidth-box fusion-builder-row-1 fusion-flex-container has-pattern-background has-mask-background nonhundred-percent-fullwidth non-hundred-percent-height-scrolling fusion-no-small-visibility\" style=\"--awb-border-radius-top-left:0px;--awb-border-radius-top-right:0px;--awb-border-radius-bottom-right:0px;--awb-border-radius-bottom-left:0px;--awb-padding-top:150px;--awb-flex-wrap:wrap;\" ><div class=\"fusion-builder-row fusion-row fusion-flex-align-items-flex-start fusion-flex-content-wrap\" style=\"max-width:1331.2px;margin-left: calc(-4% \/ 2 );margin-right: calc(-4% \/ 2 );\"><div class=\"fusion-layout-column fusion_builder_column fusion-builder-column-0 fusion_builder_column_1_1 1_1 fusion-flex-column\" style=\"--awb-bg-size:cover;--awb-width-large:100%;--awb-margin-top-large:0px;--awb-spacing-right-large:1.92%;--awb-margin-bottom-large:20px;--awb-spacing-left-large:1.92%;--awb-width-medium:100%;--awb-order-medium:0;--awb-spacing-right-medium:1.92%;--awb-spacing-left-medium:1.92%;--awb-width-small:100%;--awb-order-small:0;--awb-spacing-right-small:1.92%;--awb-spacing-left-small:1.92%;\"><div class=\"fusion-column-wrapper fusion-column-has-shadow fusion-flex-justify-content-flex-start fusion-content-layout-column\"><div class=\"fusion-text fusion-text-1\"><p><strong>Informaci\u00f3n adicional sobre protecci\u00f3n de datos<\/strong><\/p>\n<table width=\"100%\">\n<tbody>\n<tr>\n<td rowspan=\"6\" align=\"left\"><strong>RESPONSABLE<\/strong><\/p>\n<p><span style=\"font-family: inherit; font-size: inherit;\">(del tratamiento)<\/span><\/td>\n<td colspan=\"2\" align=\"left\">Los datos de car\u00e1cter personal que se pudieran recabar directamente del interesado ser\u00e1n tratados de forma confidencial y quedar\u00e1n incorporados a la correspondiente actividad de tratamiento titularidad de:\u00a0<strong>MINDS ALIKE, S.L.<\/strong><\/td>\n<\/tr>\n<tr>\n<td align=\"left\"><em>CIF\/NIF:<\/em><\/td>\n<td align=\"left\">B66552605<\/td>\n<\/tr>\n<tr>\n<td align=\"left\"><em>Dir. Postal:<\/em><\/td>\n<td align=\"left\">C. Paris, 207, Pral. 2, 08008, Barcelona<\/td>\n<\/tr>\n<tr>\n<td align=\"left\"><em>Tel\u00e9fono:<\/em><\/td>\n<td align=\"left\">\n<ul>\n<li>Marta Rafel: 618 810 231<\/li>\n<\/ul>\n<\/td>\n<\/tr>\n<tr>\n<td align=\"left\"><em>Correo elect:<\/em><\/td>\n<td align=\"left\">\n<ul>\n<li>Marta Rafel: mrafel@mindsalike.es<\/li>\n<\/ul>\n<\/td>\n<\/tr>\n<tr>\n<td align=\"left\"><em>P\u00e1gina web:<\/em><\/td>\n<td align=\"left\">www.mindsalike.es<\/td>\n<\/tr>\n<tr>\n<td align=\"left\"><strong>DPD<\/strong><\/td>\n<td colspan=\"2\" align=\"left\">No se contempla el nombramiento de Delegado de Protecci\u00f3n de Datos (DPD), ya que no es necesario debido al tipo de tratamientos que se realizan y a los resultados obtenidos en el an\u00e1lisis de riesgos previo que se ha realizado.<\/td>\n<\/tr>\n<tr>\n<td align=\"left\"><strong>FINALIDAD<\/strong><\/p>\n<p>(del tratamiento)<\/td>\n<td align=\"left\">Prestarle el servicio solicitado.<\/td>\n<td align=\"left\">Informar y gestionar de las actividades, servicios y productos ofrecidos y los solicitados y contratados, as\u00ed como para informar de las noticias, novedades y actualizaciones que se vayan produciendo en los mismos, no siendo utilizados para otras finalidades.<\/td>\n<\/tr>\n<tr>\n<td align=\"left\"><strong>LEGITIMACI\u00d3N<\/strong><\/p>\n<p>(del tratamiento)<\/td>\n<td align=\"left\">Base jur\u00eddica<\/td>\n<td align=\"left\">La base legal para el tratamiento de sus datos personales puede ser, seg\u00fan las finalidades:<\/p>\n<ol>\n<li>Gestionar la <strong>relaci\u00f3n contractual que ha suscrito<\/strong>:\n<ol type=\"a\">\n<li>Ejecuci\u00f3n de un contrato (habilitado por el art\u00edculo 6.1.b RGPD).<\/li>\n<li>Consentimiento del interesado (habitado por el art\u00edculo 6.1.a RGPD).<\/li>\n<\/ol>\n<\/li>\n<li>Realizaci\u00f3n de un <strong>presupuesto <\/strong>ajustado a sus necesidades:\n<ol type=\"a\">\n<li>Ejecuci\u00f3n de un contrato y\/o relaci\u00f3n precontractual (habilitado por el art\u00edculo 6.1.b RGPD).<\/li>\n<\/ol>\n<\/li>\n<li>Gestionar <strong>comunicaciones por correo electr\u00f3nico<\/strong> con interesados:\n<ol type=\"a\">\n<li>Consentimiento del interesado (habitado por el art\u00edculo 6.1.a RGPD).<\/li>\n<li>Inter\u00e9s leg\u00edtimo (habilitado por el art\u00edculo 6.1.f RGPD).<\/li>\n<\/ol>\n<\/li>\n<li>Gesti\u00f3n de los <strong>empleados y recursos humanos<\/strong> internos:\n<ol type=\"a\">\n<li>Ejecuci\u00f3n contractual (habilitado por el art\u00edculo 6.1.b RGPD).<\/li>\n<\/ol>\n<\/li>\n<\/ol>\n<\/td>\n<\/tr>\n<tr>\n<td align=\"left\"><strong>CATEGORIAS<\/strong><\/p>\n<p>(de los datos)<\/td>\n<td align=\"left\">Datos de Identificaci\u00f3n<\/td>\n<td align=\"left\">Se recaban los datos necesarios para el mantenimiento de la relaci\u00f3n. Son datos de: <strong>IDENTIFICACI\u00d3N<\/strong> (Nombre, apellidos, nif, direcci\u00f3n postal, tel\u00e9fono, mail, numero de la seg. social). <strong>CARACTER\u00cdSTICAS PERSONALES<\/strong> (estado civil, fecha y lugar de nacimiento, edad, sexo, nacionalidad, im\u00e1genes o voz) <strong>DATOS BANCARIOS. <\/strong><strong>DATOS ACAD\u00c9MICOS <\/strong>(formaci\u00f3n y titulaciones, experiencia profesional). <strong>DATOS DETALLES DE EMPLEO: <\/strong>profesi\u00f3n, puesto de trabajo, datos econ\u00f3micos de n\u00f3mina, historial del trabajador. Datos de control de presencia: fecha\/hora entrada y salida, motivo de ausencia. Y categor\u00edas especiales de datos:\u00a0 datos de salud (bajas por enfermedad, accidentes laborales y grado de discapacidad, etc.).<\/td>\n<\/tr>\n<tr>\n<td align=\"left\"><strong>CONSERVACI\u00d3N<\/strong><\/p>\n<p>(de los datos)<\/td>\n<td align=\"left\">Por el tiempo necesario para su tratamiento.<\/td>\n<td align=\"left\">Los datos se conservan siempre que se mantenga la relaci\u00f3n con MINDS ALIKE, S.L. Asimismo, se guardan los previstos por la legislaci\u00f3n para determinar las posibles responsabilidades que se pudieran derivar de cada finalidad. Una vez se desvincule de la entidad y desaparezcan las finalidades para las que se han recogido los datos inicialmente, estos permanecer\u00e1n bloqueados <em>(consiste en la identificaci\u00f3n y reserva de los mismos, adoptando medidas t\u00e9cnicas y organizativas, para impedir su tratamiento, incluyendo su visualizaci\u00f3n.<\/em> <em>Transcurrido ese plazo proceder\u00e1 a la destrucci\u00f3n de los datos. Los datos bloqueados no podr\u00e1n ser tratados para ninguna finalidad distinta de la anterior)<\/em> en los sistemas del responsable de conformidad con los plazos de prescripci\u00f3n legalmente establecidos.<\/td>\n<\/tr>\n<tr>\n<td rowspan=\"2\" align=\"left\"><strong>DESTINATARIOS<\/strong><\/p>\n<p>(de los datos)<\/td>\n<td align=\"left\">Cesi\u00f3n de datos.<\/td>\n<td>No se realizan cesiones de datos, excepto que exista una obligaci\u00f3n legal. No se considera cesiones de datos los datos comunicados a los Encargados de tratamientos ni a personas que act\u00faen bajo la dependencia del Responsable con el fin \u00fanico y exclusivo de cumplir con la relaci\u00f3n de negocio creada. En ning\u00fan caso podr\u00e1n dichos terceros realizar acciones comerciales o promocionales directas a los Usuarios ni comunicar dichos datos a terceras personas o entidades de su mismo grupo, cualquiera que fuera la finalidad de la comunicaci\u00f3n, recayendo exclusivamente sobre dichos terceros proveedores la responsabilidad que corresponda en caso de incumplimiento de lo anterior<\/td>\n<\/tr>\n<tr>\n<td align=\"left\">Transferencias internacionales de datos.<\/td>\n<td align=\"left\">MINDS ALIKE, S.L. no tiene previsto realizar ninguna transferencia internacional de datos.<\/p>\n<p><em>En algunos casos los Encargados del tratamiento realizan transferencias internacionales de datos para realizar el servicio que les ha sido encargado. En estos casos, la compa\u00f1\u00eda informa, en su pol\u00edtica de privacidad, que las transferencias se realizan con las garant\u00edas adecuadas y precisas que exige el RGPD. Con ello, nos garantizan la protecci\u00f3n de la informaci\u00f3n que compartimos, <\/em><em>Asegurando que la transferencia se rige por las cl\u00e1usulas contractuales tipo de la Comisi\u00f3n Europea<\/em><\/p>\n<p><em>Estas<\/em> <em>transferencias internacionales de datos se realizan, seg\u00fan el propio Encargado:<\/em><\/p>\n<ul>\n<li><em> Con base en un documento jur\u00eddico vinculante como las Cl\u00e1usulas Contractuales tipo (CCT) e informan que, a la hora de transferir los datos personales, obtenidos de forma online, fuera de Europa, cumplen con las normativas vigentes.<\/em><\/li>\n<\/ul>\n<\/td>\n<\/tr>\n<tr>\n<td align=\"left\"><strong>DERECHOS<\/strong><\/p>\n<p>(de los interesados)<\/td>\n<td colspan=\"2\" align=\"left\">Cualquier persona tiene derecho a obtener confirmaci\u00f3n sobre los tratamientos que de sus datos que se llevan a cabo por <strong>MINDS ALIKE, S.L.<\/strong> Para ello puede ejercer sus derechos de: <strong>acceso<\/strong> a datos personales, <strong>rectificaci\u00f3n<\/strong>, <strong>supresi\u00f3n<\/strong>, <strong>limitaci\u00f3n<\/strong> u <strong>oposici\u00f3n<\/strong> al tratamiento, <strong>portabilidad<\/strong> de los datos y <strong>derecho a no ser objeto de decisiones individualizadas automatizadas<\/strong> (incluida la elaboraci\u00f3n de perfiles), que le produzca efectos jur\u00eddicos o que le afecte significativamente, ante a la siguiente direcci\u00f3n mrafel@mindsalike.es<\/p>\n<p>En caso de no satisfacer sus derechos, puede presentar una reclamaci\u00f3n ante la Agencia de protecci\u00f3n de datos: <a href=\"https:\/\/www.aepd.es\/\" target=\"_blank\" rel=\"noopener\">https:\/\/www.aepd.es\/<\/a><\/td>\n<\/tr>\n<tr>\n<td rowspan=\"2\" align=\"left\"><strong>PROCEDENCIA<\/strong><\/p>\n<p>(de los datos)<\/td>\n<td rowspan=\"2\" align=\"left\">Fuente de los datos<\/td>\n<td align=\"left\">Los datos son facilitados por el <strong>titular<\/strong> de los mismos.<\/td>\n<\/tr>\n<tr>\n<td align=\"left\">Datos aportados por el usuario mediante la cumplimentaci\u00f3n de los formularios puestos a disposici\u00f3n para el Usuario o por cualquier otra v\u00eda mediante la que el usuario entable comunicaci\u00f3n con MINDS ALIKE, S.L.<\/td>\n<\/tr>\n<\/tbody>\n<\/table>\n<\/div><\/div><\/div><\/div><\/div><div class=\"fusion-fullwidth fullwidth-box fusion-builder-row-2 fusion-flex-container has-pattern-background has-mask-background nonhundred-percent-fullwidth non-hundred-percent-height-scrolling fusion-no-medium-visibility fusion-no-large-visibility\" style=\"--awb-border-radius-top-left:0px;--awb-border-radius-top-right:0px;--awb-border-radius-bottom-right:0px;--awb-border-radius-bottom-left:0px;--awb-padding-top:150px;--awb-flex-wrap:wrap;\" ><div class=\"fusion-builder-row fusion-row fusion-flex-align-items-flex-start fusion-flex-content-wrap\" style=\"max-width:1331.2px;margin-left: calc(-4% \/ 2 );margin-right: calc(-4% \/ 2 );\"><div class=\"fusion-layout-column fusion_builder_column fusion-builder-column-1 fusion_builder_column_1_1 1_1 fusion-flex-column\" style=\"--awb-bg-size:cover;--awb-width-large:100%;--awb-margin-top-large:0px;--awb-spacing-right-large:1.92%;--awb-margin-bottom-large:20px;--awb-spacing-left-large:1.92%;--awb-width-medium:100%;--awb-order-medium:0;--awb-spacing-right-medium:1.92%;--awb-spacing-left-medium:1.92%;--awb-width-small:100%;--awb-order-small:0;--awb-spacing-right-small:1.92%;--awb-spacing-left-small:1.92%;\"><div class=\"fusion-column-wrapper fusion-column-has-shadow fusion-flex-justify-content-flex-start fusion-content-layout-column\"><div class=\"fusion-text fusion-text-2\"><p><strong>Informaci\u00f3n adicional sobre protecci\u00f3n de datos<\/strong><\/p>\n<p><strong>RESPONSABLE <\/strong>(del tratamiento)<\/p>\n<p>Los datos de car\u00e1cter personal que se pudieran recabar directamente del interesado ser\u00e1n tratados de forma confidencial y quedar\u00e1n incorporados a la correspondiente actividad de tratamiento titularidad de:\u00a0<strong>MINDS ALIKE, S.L.<\/strong><\/p>\n<p><strong>CIF\/NIF:<\/strong> B66552605<br \/>\n<strong>Dir. Postal:<\/strong> C. Paris, 207, Pral. 2, 08008, Barcelona<br \/>\n<strong>Tel\u00e9fono: <\/strong>Marta Rafel: 618 810 231<br \/>\n<strong>Correo elect: <\/strong>Marta Rafel: mrafel@mindsalike.es<br \/>\n<strong>P\u00e1gina web:<\/strong> www.mindsalike.es<\/p>\n<p><strong>DPD<\/strong><\/p>\n<p>No se contempla el nombramiento de Delegado de Protecci\u00f3n de Datos (DPD), ya que no es necesario debido al tipo de tratamientos que se realizan y a los resultados obtenidos en el an\u00e1lisis de riesgos previo que se ha realizado.<\/p>\n<p><strong>FINALIDAD <\/strong>(del tratamiento)<\/p>\n<p>Prestarle el servicio solicitado.<\/p>\n<p>Informar y gestionar de las actividades, servicios y productos ofrecidos y los solicitados y contratados, as\u00ed como para informar de las noticias, novedades y actualizaciones que se vayan produciendo en los mismos, no siendo utilizados para otras finalidades.<\/p>\n<p><strong>LEGITIMACION <\/strong>(del tratamiento)<\/p>\n<p><strong>Base jur\u00eddica:<\/strong><\/p>\n<p>La base legal para el tratamiento de sus datos personales puede ser, seg\u00fan las finalidades:<\/p>\n<ol>\n<li>Gestionar la\u00a0<strong>relaci\u00f3n contractual que ha suscrito<\/strong>:\n<ol type=\"a\">\n<li>Ejecuci\u00f3n de un contrato (habilitado por el art\u00edculo 6.1.b RGPD).<\/li>\n<li>Consentimiento del interesado (habitado por el art\u00edculo 6.1.a RGPD).<\/li>\n<\/ol>\n<\/li>\n<li>Realizaci\u00f3n de un\u00a0<strong>presupuesto\u00a0<\/strong>ajustado a sus necesidades:\n<ol type=\"a\">\n<li>Ejecuci\u00f3n de un contrato y\/o relaci\u00f3n precontractual (habilitado por el art\u00edculo 6.1.b RGPD).<\/li>\n<\/ol>\n<\/li>\n<li>Gestionar\u00a0<strong>comunicaciones por correo electr\u00f3nico<\/strong>\u00a0con interesados:\n<ol type=\"a\">\n<li>Consentimiento del interesado (habitado por el art\u00edculo 6.1.a RGPD).<\/li>\n<li>Inter\u00e9s leg\u00edtimo (habilitado por el art\u00edculo 6.1.f RGPD).<\/li>\n<\/ol>\n<\/li>\n<li>Gesti\u00f3n de los\u00a0<strong>empleados y recursos humanos<\/strong>\u00a0internos:\n<ol type=\"a\">\n<li>Ejecuci\u00f3n contractual (habilitado por el art\u00edculo 6.1.b RGPD).<\/li>\n<\/ol>\n<\/li>\n<\/ol>\n<p><strong>CATEGORIAS <\/strong>(de los datos)<\/p>\n<p><strong>Datos de Identificaci\u00f3n:<\/strong> Se recaban los datos necesarios para el mantenimiento de la relaci\u00f3n. Son datos de:\u00a0<strong>IDENTIFICACI\u00d3N<\/strong>\u00a0(Nombre, apellidos, nif, direcci\u00f3n postal, tel\u00e9fono, mail, numero de la seg. social).\u00a0<strong>CARACTER\u00cdSTICAS PERSONALES<\/strong>\u00a0(estado civil, fecha y lugar de nacimiento, edad, sexo, nacionalidad, im\u00e1genes o voz)\u00a0<strong>DATOS BANCARIOS.\u00a0<\/strong><strong>DATOS ACAD\u00c9MICOS\u00a0<\/strong>(formaci\u00f3n y titulaciones, experiencia profesional).\u00a0<strong>DATOS DETALLES DE EMPLEO:\u00a0<\/strong>profesi\u00f3n, puesto de trabajo, datos econ\u00f3micos de n\u00f3mina, historial del trabajador. Datos de control de presencia: fecha\/hora entrada y salida, motivo de ausencia. Y categor\u00edas especiales de datos:\u00a0 datos de salud (bajas por enfermedad, accidentes laborales y grado de discapacidad, etc.).<\/p>\n<p><strong>CONSERVACI\u00d3N <\/strong>(de los datos)<\/p>\n<p>Por el tiempo necesario para su tratamiento.<\/p>\n<p>Los datos se conservan siempre que se mantenga la relaci\u00f3n con MINDS ALIKE, S.L. Asimismo, se guardan los previstos por la legislaci\u00f3n para determinar las posibles responsabilidades que se pudieran derivar de cada finalidad. Una vez se desvincule de la entidad y desaparezcan las finalidades para las que se han recogido los datos inicialmente, estos permanecer\u00e1n bloqueados <em>(consiste en la identificaci\u00f3n y reserva de los mismos, adoptando medidas t\u00e9cnicas y organizativas, para impedir su tratamiento, incluyendo su visualizaci\u00f3n.<\/em>\u00a0<em>Transcurrido ese plazo proceder\u00e1 a la destrucci\u00f3n de los datos. Los datos bloqueados no podr\u00e1n ser tratados para ninguna finalidad distinta de la anterior)<\/em>\u00a0en los sistemas del responsable de conformidad con los plazos de prescripci\u00f3n legalmente establecidos.<\/p>\n<p><strong>DESTINATARIOS <\/strong>(de los datos)<\/p>\n<p><strong>Cesi\u00f3n de datos:<\/strong> No se realizan cesiones de datos, excepto que exista una obligaci\u00f3n legal. No se considera cesiones de datos los datos comunicados a los Encargados de tratamientos ni a personas que act\u00faen bajo la dependencia del Responsable con el fin \u00fanico y exclusivo de cumplir con la relaci\u00f3n de negocio creada. En ning\u00fan caso podr\u00e1n dichos terceros realizar acciones comerciales o promocionales directas a los Usuarios ni comunicar dichos datos a terceras personas o entidades de su mismo grupo, cualquiera que fuera la finalidad de la comunicaci\u00f3n, recayendo exclusivamente sobre dichos terceros proveedores la responsabilidad que corresponda en caso de incumplimiento de lo anterior<\/p>\n<p><strong>Transferencias internacionales de datos:<\/strong> MINDS ALIKE, S.L. no tiene previsto realizar ninguna transferencia internacional de datos.<\/p>\n<p><em>En algunos casos los Encargados del tratamiento realizan transferencias internacionales de datos para realizar el servicio que les ha sido encargado. En estos casos, la compa\u00f1\u00eda informa, en su pol\u00edtica de privacidad, que las transferencias se realizan con las garant\u00edas adecuadas y precisas que exige el RGPD. Con ello, nos garantizan la protecci\u00f3n de la informaci\u00f3n que compartimos,\u00a0<\/em><em>Asegurando que la transferencia se rige por las cl\u00e1usulas contractuales tipo de la Comisi\u00f3n Europea<\/em><\/p>\n<p><em>Estas<\/em>\u00a0<em>transferencias internacionales de datos se realizan, seg\u00fan el propio Encargado:<\/em><\/p>\n<ul>\n<li><em>Con base en un documento jur\u00eddico vinculante como las Cl\u00e1usulas Contractuales tipo (CCT) e informan que, a la hora de transferir los datos personales, obtenidos de forma online, fuera de Europa, cumplen con las normativas vigentes.<\/em><\/li>\n<\/ul>\n<p><strong>DERECHOS <\/strong>(de los interesados)<\/p>\n<p>Cualquier persona tiene derecho a obtener confirmaci\u00f3n sobre los tratamientos que de sus datos que se llevan a cabo por <strong>MINDS ALIKE, S.L.<\/strong>\u00a0Para ello puede ejercer sus derechos de:\u00a0<strong>acceso<\/strong>\u00a0a datos personales,\u00a0<strong>rectificaci\u00f3n<\/strong>,\u00a0<strong>supresi\u00f3n<\/strong>,\u00a0<strong>limitaci\u00f3n<\/strong>\u00a0u\u00a0<strong>oposici\u00f3n<\/strong>\u00a0al tratamiento,\u00a0<strong>portabilidad<\/strong>\u00a0de los datos y\u00a0<strong>derecho a no ser objeto de decisiones individualizadas automatizadas<\/strong> (incluida la elaboraci\u00f3n de perfiles), que le produzca efectos jur\u00eddicos o que le afecte significativamente, ante a la siguiente direcci\u00f3n\u00a0 mrafel@mindsalike.es<\/p>\n<p>En caso de no satisfacer sus derechos, puede presentar una reclamaci\u00f3n ante la Agencia de protecci\u00f3n de datos:\u00a0<a href=\"https:\/\/www.aepd.es\/\" target=\"_blank\" rel=\"noopener\">https:\/\/www.aepd.es\/<\/a><\/p>\n<p><strong>PROCEDENCIA <\/strong>(de los datos)<\/p>\n<p><strong>Fuente de los datos:<\/strong> Los datos son facilitados por el\u00a0<strong>titular<\/strong>\u00a0de los mismos.<\/p>\n<p>Datos aportados por el usuario mediante la cumplimentaci\u00f3n de los formularios puestos a disposici\u00f3n para el Usuario o por cualquier otra v\u00eda mediante la que el usuario entable comunicaci\u00f3n con MINDS ALIKE, S.L.<\/p>\n<\/div><\/div><\/div><\/div><\/div><\/p>\n","protected":false},"excerpt":{"rendered":"","protected":false},"author":1,"featured_media":0,"parent":0,"menu_order":0,"comment_status":"closed","ping_status":"open","template":"","meta":{"footnotes":""},"class_list":["post-1113","page","type-page","status-publish","hentry"],"aioseo_notices":[],"_links":{"self":[{"href":"https:\/\/www.mindsalike.es\/ca\/wp-json\/wp\/v2\/pages\/1113","targetHints":{"allow":["GET"]}}],"collection":[{"href":"https:\/\/www.mindsalike.es\/ca\/wp-json\/wp\/v2\/pages"}],"about":[{"href":"https:\/\/www.mindsalike.es\/ca\/wp-json\/wp\/v2\/types\/page"}],"author":[{"embeddable":true,"href":"https:\/\/www.mindsalike.es\/ca\/wp-json\/wp\/v2\/users\/1"}],"replies":[{"embeddable":true,"href":"https:\/\/www.mindsalike.es\/ca\/wp-json\/wp\/v2\/comments?post=1113"}],"version-history":[{"count":2,"href":"https:\/\/www.mindsalike.es\/ca\/wp-json\/wp\/v2\/pages\/1113\/revisions"}],"predecessor-version":[{"id":1193,"href":"https:\/\/www.mindsalike.es\/ca\/wp-json\/wp\/v2\/pages\/1113\/revisions\/1193"}],"wp:attachment":[{"href":"https:\/\/www.mindsalike.es\/ca\/wp-json\/wp\/v2\/media?parent=1113"}],"curies":[{"name":"wp","href":"https:\/\/api.w.org\/{rel}","templated":true}]}}