{"id":1117,"date":"2025-03-04T10:55:34","date_gmt":"2025-03-04T09:55:34","guid":{"rendered":"https:\/\/www.mindsalike.es\/?page_id=1117"},"modified":"2025-03-04T11:17:09","modified_gmt":"2025-03-04T10:17:09","slug":"politica-de-cookies","status":"publish","type":"page","link":"https:\/\/www.mindsalike.es\/ca\/politica-de-cookies\/","title":{"rendered":"Pol\u00edtica de Cookies"},"content":{"rendered":"<div class=\"fusion-fullwidth fullwidth-box fusion-builder-row-1 fusion-flex-container has-pattern-background has-mask-background nonhundred-percent-fullwidth non-hundred-percent-height-scrolling\" style=\"--awb-border-radius-top-left:0px;--awb-border-radius-top-right:0px;--awb-border-radius-bottom-right:0px;--awb-border-radius-bottom-left:0px;--awb-padding-top:150px;--awb-flex-wrap:wrap;\" ><div class=\"fusion-builder-row fusion-row fusion-flex-align-items-flex-start fusion-flex-content-wrap\" style=\"max-width:1331.2px;margin-left: calc(-4% \/ 2 );margin-right: calc(-4% \/ 2 );\"><div class=\"fusion-layout-column fusion_builder_column fusion-builder-column-0 fusion_builder_column_1_1 1_1 fusion-flex-column\" style=\"--awb-bg-size:cover;--awb-width-large:100%;--awb-margin-top-large:0px;--awb-spacing-right-large:1.92%;--awb-margin-bottom-large:20px;--awb-spacing-left-large:1.92%;--awb-width-medium:100%;--awb-order-medium:0;--awb-spacing-right-medium:1.92%;--awb-spacing-left-medium:1.92%;--awb-width-small:100%;--awb-order-small:0;--awb-spacing-right-small:1.92%;--awb-spacing-left-small:1.92%;\"><div class=\"fusion-column-wrapper fusion-column-has-shadow fusion-flex-justify-content-flex-start fusion-content-layout-column\"><div class=\"fusion-text fusion-text-1\"><p><strong>Pol\u00edtica de Cookies<\/strong><\/p>\n<p>Esta Pol\u00edtica de Cookies es parte integrante del Aviso Legal y la Pol\u00edtica de Privacidad del sitio www.mindsalike.es (en adelante, el \u201cMINDS ALIKE\u201d). El acceso y la navegaci\u00f3n en el Sitio Web, o el uso de los servicios de \u00e9sta, implican la aceptaci\u00f3n de las Condiciones Generales de Uso establecidas en nuestro Aviso Legal.<\/p>\n<p>Con el fin de facilitar la navegaci\u00f3n por el Sitio Web, MINDS ALIKE, S.L. con NIF B66552605, como titular y responsable del tratamiento de datos del mismo, con domicilio social en C. Paris, 207, Pral. 2, 08008 Barcelona (Barcelona) te comunica que utiliza cookies u otros dispositivos de almacenamiento y recuperaci\u00f3n de datos de funcionalidad similar (en adelante, \u201cCookies\u201d).<\/p>\n<p>En este sentido y con el objetivo de garantizar al usuario toda la informaci\u00f3n necesaria para su correcta navegaci\u00f3n, ponemos a disposici\u00f3n del usuario el siguiente texto informativo sobre qu\u00e9 son las cookies, qu\u00e9 tipolog\u00eda de cookies se utilizan en nuestro Sitio Web y c\u00f3mo es posible configurarlas o deshabilitarlas.<\/p>\n<p><strong>1. \u00bfQU\u00c9 ES UNA COOKIE?<\/strong><\/p>\n<p>Las cookies son archivos que contienen peque\u00f1as cantidades de informaci\u00f3n que se descargan en el dispositivo del usuario que se utiliza cuando visita un sitio web. Su finalidad principal es reconocer al usuario cada vez que accede al Sitio Web y nos permite, adem\u00e1s, mejorar la calidad y la usabilidad de nuestra web.<\/p>\n<p>Las cookies son esenciales para el funcionamiento de internet, ya que ofrecen soluciones t\u00e9cnicas que permiten al usuario navegar por los distintos sitios web; no pueden da\u00f1ar el equipo\/dispositivo del usuario y pueden usarse para identificar y resolver posibles errores de funcionamiento del Sitio Web. Tambi\u00e9n pueden ser utilizadas con finalidades publicitarias o Anal\u00edticas.<\/p>\n<p><strong>2. USO DE COOKIES POR EL SITIO WEB<\/strong><\/p>\n<p>Mediante la aceptaci\u00f3n del banner de cookies que aparece al comienzo de la navegaci\u00f3n en el Sitio Web o mediante la configuraci\u00f3n de las cookies, el Usuario acepta de manera expresa la utilizaci\u00f3n de dichas Cookies en sus dispositivos. Si desactiva las Cookies, puede que algunas de las utilidades de que dispone el Sitio Web no funcionen correctamente.<\/p>\n<p>Concretamente, este sitio web est\u00e1 utilizando las Cookies para las finalidades que a continuaci\u00f3n se exponen. Si en un futuro el prestador utilizase otras con el prop\u00f3sito de otorgar m\u00e1s y mejores servicios, se informar\u00e1 al usuario de ello.<\/p>\n<p><strong>(i) Cookies t\u00e9cnicas <\/strong><\/p>\n<p>Son aquellas que permiten al usuario la navegaci\u00f3n a trav\u00e9s del Sitio Web y la utilizaci\u00f3n de las diferentes opciones o servicios que en ella existan como, por ejemplo, controlar el tr\u00e1fico y la comunicaci\u00f3n de datos, identificar la sesi\u00f3n, acceder a partes de acceso restringido, realizar el proceso de gesti\u00f3n de citas, controlar el fraude vinculado a la seguridad del servicio, contar visitas a efectos de la facturaci\u00f3n de licencias del software con el que funciona el servicio (sitio web), utilizar elementos de seguridad durante la navegaci\u00f3n, almacenar contenidos para la difusi\u00f3n de v\u00eddeos o sonido, habilitar contenidos din\u00e1micos (por ejemplo, animaci\u00f3n de carga de un texto o imagen) o compartir contenidos a trav\u00e9s de redes sociales.<\/p>\n<p>MINDS ALIKE, S.L. no necesita tu consentimiento para instalar en tu dispositivo las cookies que sean necesarias para activar las funcionalidades del Sitio Web, y su uso se basa en la necesidad de prestar los servicios solicitados. Si desactivas o bloqueas todas las cookies de su navegador, puede que su navegaci\u00f3n por el Sitio Web no sea \u00f3ptima y algunas de las utilidades de las que dispone el Sitio Web no funcionen correctamente.<\/p>\n<p><strong>(ii) Cookies de personalizaci\u00f3n<\/strong><\/p>\n<p>Son aquellas que permiten recordar informaci\u00f3n para que el usuario acceda al servicio con determinadas caracter\u00edsticas que pueden diferenciar su experiencia de la de otros usuarios, como, por ejemplo, el idioma, el n\u00famero de resultados a mostrar cuando el usuario realiza una b\u00fasqueda. Si es el propio usuario quien elige esas caracter\u00edsticas, las cookies ser\u00e1n consideradas como un servicio expresamente solicitado por el usuario, y por ello se utilizar\u00e1n exclusivamente para la finalidad seleccionada y sin solicitar su consentimiento expreso.<\/p>\n<p>MINDS ALIKE, S.L. utiliza cookies de personalizaci\u00f3n de Google, compa\u00f1\u00eda domiciliada en Estados Unidos. Puede evitar la utilizaci\u00f3n de Google en relaci\u00f3n con su uso en el Sitio Web al descargar e instalar el complemento de navegador disponible a trav\u00e9s de este enlace: <a href=\"http:\/\/tools.google.com\/dlpage\/gaoptout?hl=en-GB\" target=\"_blank\" rel=\"noopener\">http:\/\/tools.google.com\/dlpage\/gaoptout?hl=en-GB<\/a>.<\/p>\n<p><strong>(iii) Cookies anal\u00edticas <\/strong><\/p>\n<p>Estas cookies recopilan informaci\u00f3n sobre el modo en que los visitantes utilizan el sitio web, por ejemplo, qu\u00e9 p\u00e1ginas visitan con m\u00e1s frecuencia, si reciben mensajes de error de p\u00e1ginas web, las secciones del sitio web a las que acceden o los botones del sitio web sobre los que hacen clic. La informaci\u00f3n obtenida por estas cookies no permite identificar a los visitantes. Toda la informaci\u00f3n obtenida es agregada y, por lo tanto, an\u00f3nima. La funci\u00f3n de estas cookies es obtener estad\u00edsticas e informes que permiten mejorar el funcionamiento del sitio web. Estas cookies solo se instalan en el dispositivo del usuario cuando \u00e9ste las acepta.<\/p>\n<p>MINDS ALIKE, S.L. utiliza cookies anal\u00edticas de Google, compa\u00f1\u00eda domiciliada en Estados Unidos. Puede evitar la utilizaci\u00f3n de Google en relaci\u00f3n con su uso en el Sitio Web al descargar e instalar el complemento de navegador disponible a trav\u00e9s de este enlace: <a href=\"http:\/\/tools.google.com\/dlpage\/gaoptout?hl=en-GB\" target=\"_blank\" rel=\"noopener\">http:\/\/tools.google.com\/dlpage\/gaoptout?hl=en-GB<\/a>.<\/p>\n<p><strong>3. PLAZOS DE CONSERVACI\u00d3N<\/strong><\/p>\n<p>Las cookies utilizadas por MINDS ALIKE, S.L. ser\u00e1n conservadas en tu dispositivo durante el tiempo necesario para la finalidad por la que fueron instaladas, y, como m\u00e1ximo, durante 2 a\u00f1os, salvo que decidas eliminarlas a trav\u00e9s de las opciones de configuraci\u00f3n de tu navegador (ver apartado 5 de esta pol\u00edtica).<\/p>\n<p><strong>4. TRANSFERENCIAS INTERNACIONALES<\/strong><\/p>\n<p>Algunos de los datos personales obtenidos a trav\u00e9s de cookies de terceros ser\u00e1n objeto de transferencias internacionales, hacia Estados Unidos, en cuyo caso le garantizamos que se adoptar\u00e1n las garant\u00edas necesarias para proteger la confidencialidad, integridad y disponibilidad de la misma.<\/p>\n<p><strong>5. C\u00d3MO ACEPTAR, RECHAZAR, BLOQUEAR O ELIMINAR COOKIES <\/strong><\/p>\n<p>Puedes aceptar o rechazar las cookies en cualquier momento accediendo de nuevo a nuestro panel de preferencias:<\/p>\n<ul>\n<li>Con la herramienta de configuraci\u00f3n de cookies, el usuario tiene la posibilidad de rechazar o aceptar cookies que requieran de su consentimiento. Tambi\u00e9n puede bloquear y eliminar cookies cambiando la configuraci\u00f3n de su navegador.<\/li>\n<li>De igual manera, para administrar las cookies, la mayor\u00eda de los navegadores permiten rechazar o aceptar todas las cookies o solo aceptar ciertos tipos de cookies. El proceso para la gesti\u00f3n y eliminaci\u00f3n de cookies se puede encontrar en la funci\u00f3n de ayuda integrada en el navegador. Si el usuario desea limitar el uso de cookies, puede que no pueda utilizar todas las funciones interactivas de nuestro Sitio Web.<\/li>\n<li>Para desactivar, restringir, bloquear o eliminar las cookies, el usuario deber\u00e1 modificar la configuraci\u00f3n del navegador que utilice en su terminal, ya sea ordenador, Smartphone o tablet. Con car\u00e1cter general los navegadores ofrecen las siguientes opciones de configuraci\u00f3n en relaci\u00f3n a la instalaci\u00f3n de cookies:\n<ul>\n<li>Que el navegador rechace todas las cookies y por lo tanto, que no se instale ninguna cookie de ninguna p\u00e1gina web en tu terminal.<\/li>\n<li>Que el navegador te avise antes de que se produzca la instalaci\u00f3n de la cookie para que decidas si aceptas o no la instalaci\u00f3n de la misma.<\/li>\n<li>Que el navegador \u00fanicamente rechace las cookies de terceros de los sitios web que visita, pero no las utilizadas por el sitio web por el que navegas.<\/li>\n<li>La opci\u00f3n de navegaci\u00f3n en modo privado mediante la cual, las cookies se instalan en el terminal, pero se elimina de manera autom\u00e1tica cuando finaliza la navegaci\u00f3n por la p\u00e1gina web<\/li>\n<\/ul>\n<\/li>\n<\/ul>\n<p>A continuaci\u00f3n, se muestran los correspondientes enlaces a la informaci\u00f3n respecto de la gesti\u00f3n de las cookies facilitada por los principales navegadores:<\/p>\n<p><strong>Internet Explorer:<\/strong><\/p>\n<p>Versi\u00f3n 5: <a href=\"http:\/\/support.microsoft.com\/kb\/196955\/es\" target=\"_blank\" rel=\"noopener\">http:\/\/support.microsoft.com\/kb\/196955\/es<\/a><\/p>\n<p>Versi\u00f3n 6: <a href=\"http:\/\/support.microsoft.com\/kb\/283185\/es\" target=\"_blank\" rel=\"noopener\">http:\/\/support.microsoft.com\/kb\/283185\/es<\/a><\/p>\n<p>Versi\u00f3n 7 y 8: <a href=\"http:\/\/windows.microsoft.com\/es-ES\/windows-vista\/Block-or-allow-cookies\" target=\"_blank\" rel=\"noopener\">http:\/\/windows.microsoft.com\/es-ES\/windows-vista\/Block-or-allow-cookies<\/a><\/p>\n<p>Versi\u00f3n 9: <a href=\"http:\/\/windows.microsoft.com\/es-ES\/windows7\/How-to-manage-cookies-in-Internet-Explorer-9\" target=\"_blank\" rel=\"noopener\">http:\/\/windows.microsoft.com\/es-ES\/windows7\/How-to-manage-cookies-in-Internet-Explorer-9<\/a><\/p>\n<p>Versi\u00f3n 11: <a href=\"https:\/\/support.microsoft.com\/es-es\/help\/278835\/how-to-delete-cookie-files-in-internet-explorer\" target=\"_blank\" rel=\"noopener\">https:\/\/support.microsoft.com\/es-es\/help\/278835\/how-to-delete-cookie-files-in-internet-explorer<\/a><\/p>\n<p><strong>Safari: <\/strong><a href=\"http:\/\/support.apple.com\/kb\/PH5042?viewlocale=es_ES\" target=\"_blank\" rel=\"noopener\">http:\/\/support.apple.com\/kb\/PH5042?viewlocale=es_ES<\/a><\/p>\n<p><strong>Google: <\/strong><a href=\"http:\/\/support.google.com\/chrome\/answer\/95647?hl=es&amp;hlrm=en\" target=\"_blank\" rel=\"noopener\">http:\/\/support.google.com\/chrome\/answer\/95647?hl=es&amp;hlrm=en<\/a><\/p>\n<p><strong>Firefox: <\/strong><a href=\"http:\/\/support.mozilla.org\/es\/kb\/cookies-informacion-que-los-sitios-web-guardan-en-?redirectlocale=en-US&amp;redirectslug=Cookies\" target=\"_blank\" rel=\"noopener\">http:\/\/support.mozilla.org\/es\/kb\/cookies-informacion-que-los-sitios-web-guardan-en-?redirectlocale=en-US&amp;redirectslug=Cookies<\/a><\/p>\n<p><strong>Opera: <\/strong><a href=\"https:\/\/help.opera.com\/en\/latest\/security-and-privacy\/#clearBrowsingData\" target=\"_blank\" rel=\"noopener\">https:\/\/help.opera.com\/en\/latest\/security-and-privacy\/#clearBrowsingData<\/a><\/p>\n<p><strong>Android: <\/strong><a href=\"http:\/\/support.google.com\/android\/?hl=es\" target=\"_blank\" rel=\"noopener\">http:\/\/support.google.com\/android\/?hl=es<\/a><\/p>\n<p><strong>Windows Phone: <\/strong><a href=\"http:\/\/www.windowsphone.com\/es-ES\/how-to\/wp7\/web\/changing-privacy-and-other-browser-Settings\" target=\"_blank\" rel=\"noopener\">http:\/\/www.windowsphone.com\/es-ES\/how-to\/wp7\/web\/changing-privacy-and-other-browser-Settings<\/a><\/p>\n<p><strong>Blackberry: <\/strong><a href=\"http:\/\/docs.blackberry.com\/en\/smartphone_users\/deliverables\/18578\/Turn_off_cookies_in_the_browser_60_1072866_11.jsp\" target=\"_blank\" rel=\"noopener\">http:\/\/docs.blackberry.com\/en\/smartphone_users\/deliverables\/18578\/Turn_off_cookies_in_the_browser_60_1072866_11.jsp<\/a><\/p>\n<p>El Usuario puede revocar su consentimiento para el uso de cookies en su navegador a trav\u00e9s de las indicaciones anteriores o a trav\u00e9s de la instalaci\u00f3n de un sistema de rechazo, (\u201copt-out\u201d) en su navegador web. Algunos terceros facilitan este rechazo a trav\u00e9s de los siguientes enlaces:<\/p>\n<p>Opt-out de Google Analytics: <a href=\"https:\/\/tools.google.com\/dlpage\/gaoptout?hl=None\" target=\"_blank\" rel=\"noopener\">https:\/\/tools.google.com\/dlpage\/gaoptout?hl=None<\/a><\/p>\n<p>Opt-out de Adobe: <a href=\"http:\/\/www.adobe.com\/es\/privacy\/opt-out.html\" target=\"_blank\" rel=\"noopener\">http:\/\/www.adobe.com\/es\/privacy\/opt-out.html<\/a><\/p>\n<\/div><\/div><\/div><\/div><\/div>\n","protected":false},"excerpt":{"rendered":"","protected":false},"author":1,"featured_media":0,"parent":0,"menu_order":0,"comment_status":"closed","ping_status":"closed","template":"100-width.php","meta":{"footnotes":""},"class_list":["post-1117","page","type-page","status-publish","hentry"],"aioseo_notices":[],"_links":{"self":[{"href":"https:\/\/www.mindsalike.es\/ca\/wp-json\/wp\/v2\/pages\/1117","targetHints":{"allow":["GET"]}}],"collection":[{"href":"https:\/\/www.mindsalike.es\/ca\/wp-json\/wp\/v2\/pages"}],"about":[{"href":"https:\/\/www.mindsalike.es\/ca\/wp-json\/wp\/v2\/types\/page"}],"author":[{"embeddable":true,"href":"https:\/\/www.mindsalike.es\/ca\/wp-json\/wp\/v2\/users\/1"}],"replies":[{"embeddable":true,"href":"https:\/\/www.mindsalike.es\/ca\/wp-json\/wp\/v2\/comments?post=1117"}],"version-history":[{"count":1,"href":"https:\/\/www.mindsalike.es\/ca\/wp-json\/wp\/v2\/pages\/1117\/revisions"}],"predecessor-version":[{"id":1118,"href":"https:\/\/www.mindsalike.es\/ca\/wp-json\/wp\/v2\/pages\/1117\/revisions\/1118"}],"wp:attachment":[{"href":"https:\/\/www.mindsalike.es\/ca\/wp-json\/wp\/v2\/media?parent=1117"}],"curies":[{"name":"wp","href":"https:\/\/api.w.org\/{rel}","templated":true}]}}