{"id":921,"date":"2024-10-29T13:07:52","date_gmt":"2024-10-29T12:07:52","guid":{"rendered":"https:\/\/www.mindsalike.es\/?page_id=921"},"modified":"2026-01-15T09:43:36","modified_gmt":"2026-01-15T08:43:36","slug":"som-minds-alike","status":"publish","type":"page","link":"https:\/\/www.mindsalike.es\/ca\/som-minds-alike\/","title":{"rendered":"Som Minds Alike"},"content":{"rendered":"<div class=\"fusion-fullwidth fullwidth-box fusion-builder-row-1 fusion-flex-container has-pattern-background has-mask-background nonhundred-percent-fullwidth non-hundred-percent-height-scrolling\" style=\"--awb-background-position:left top;--awb-border-radius-top-left:0px;--awb-border-radius-top-right:0px;--awb-border-radius-bottom-right:0px;--awb-border-radius-bottom-left:0px;--awb-padding-right:60px;--awb-padding-bottom:0px;--awb-padding-right-small:0px;--awb-margin-bottom:0px;--awb-flex-wrap:wrap;\" ><div class=\"fusion-builder-row fusion-row fusion-flex-align-items-flex-start fusion-flex-content-wrap\" style=\"max-width:1331.2px;margin-left: calc(-4% \/ 2 );margin-right: calc(-4% \/ 2 );\"><div class=\"fusion-layout-column fusion_builder_column fusion-builder-column-0 fusion_builder_column_1_4 1_4 fusion-flex-column\" style=\"--awb-bg-size:cover;--awb-width-large:25%;--awb-margin-top-large:0px;--awb-spacing-right-large:7.68%;--awb-margin-bottom-large:0px;--awb-spacing-left-large:7.68%;--awb-width-medium:33.333333333333%;--awb-order-medium:0;--awb-spacing-right-medium:5.76%;--awb-spacing-left-medium:5.76%;--awb-width-small:100%;--awb-order-small:0;--awb-spacing-right-small:1.92%;--awb-spacing-left-small:1.92%;\" data-scroll-devices=\"small-visibility,medium-visibility,large-visibility\"><div class=\"fusion-column-wrapper fusion-column-has-shadow fusion-flex-justify-content-flex-start fusion-content-layout-column\"><\/div><\/div><div class=\"fusion-layout-column fusion_builder_column fusion-builder-column-1 fusion_builder_column_3_4 3_4 fusion-flex-column\" style=\"--awb-bg-size:cover;--awb-width-large:75%;--awb-margin-top-large:150px;--awb-spacing-right-large:2.56%;--awb-margin-bottom-large:0px;--awb-spacing-left-large:2.56%;--awb-width-medium:66.666666666667%;--awb-order-medium:0;--awb-spacing-right-medium:2.88%;--awb-spacing-left-medium:2.88%;--awb-width-small:100%;--awb-order-small:0;--awb-spacing-right-small:1.92%;--awb-spacing-left-small:1.92%;\" data-scroll-devices=\"small-visibility,medium-visibility,large-visibility\"><div class=\"fusion-column-wrapper fusion-column-has-shadow fusion-flex-justify-content-flex-start fusion-content-layout-column\"><div class=\"fusion-text fusion-text-1 fusion-animated\" data-animationType=\"fadeIn\" data-animationDuration=\"2.0\" data-animationOffset=\"top-into-view\"><p>Som <span style=\"color: #8ab91d;\">Minds Alike<\/span>, ag\u00e8ncia de comunicaci\u00f3 especialitzada en <em>Health<\/em> l&#8217;experi\u00e8ncia i la manera de la qual de treballar, et donar\u00e0 l&#8217;oxigen que necessites.<\/p>\n<\/div><div class=\"fusion-text fusion-text-2 fusion-animated\" data-animationType=\"fadeIn\" data-animationDuration=\"2.0\" data-animationOffset=\"bottom-in-view\"><p>Des de 2015, som un soci estrat\u00e8gic i creatiu en el sector de la salut.<\/p>\n<\/div><div class=\"fusion-text fusion-text-3 fusion-animated\" data-animationType=\"fadeIn\" data-animationDuration=\"2.0\" data-animationOffset=\"bottom-in-view\"><p>Amb m\u00e9s de 20 anys d&#8217;experi\u00e8ncia de cadascuna de les seves fundadores, comprenem les complexitats de la gesti\u00f3 de projectes i la coordinaci\u00f3 d&#8217;equips. Per aix\u00f2, el nostre enfocament et proporciona l&#8217;aire que necessites: solucions digitals innovadores, creativitat constant i una gesti\u00f3 impecable que et permet centrar-te en l&#8217;essencial.<\/p>\n<\/div><div class=\"fusion-text fusion-text-4 fusion-animated\" data-animationType=\"fadeIn\" data-animationDuration=\"2.0\" data-animationOffset=\"bottom-in-view\"><p>A <span style=\"color: #8ab91d;\">Minds Alike<\/span>, ens agrada col\u00b7laborar estretament amb tu perqu\u00e8 sentis que som una extensi\u00f3 natural del teu equip. Pots confiar que els teus projectes estan en bones mans, ja que abordem cada desafiament amb la dedicaci\u00f3 i el comprom\u00eds que mereixen.<\/p>\n<\/div><div class=\"fusion-text fusion-text-5 fusion-animated\" data-animationType=\"fadeIn\" data-animationDuration=\"2.0\" data-animationOffset=\"bottom-in-view\"><p>Coneix-nos, pren aire\u2026 i respira. Pots con\u00e8ixer a l&#8217;equip. <a href=\"https:\/\/www.mindsalike.es\/ca\/serveis\/\">O esbrinar quins serveis oferim<\/a>.<\/p>\n<\/div><\/div><\/div><\/div><\/div>\n","protected":false},"excerpt":{"rendered":"","protected":false},"author":1,"featured_media":0,"parent":0,"menu_order":0,"comment_status":"closed","ping_status":"closed","template":"100-width.php","meta":{"footnotes":""},"class_list":["post-921","page","type-page","status-publish","hentry"],"aioseo_notices":[],"_links":{"self":[{"href":"https:\/\/www.mindsalike.es\/ca\/wp-json\/wp\/v2\/pages\/921","targetHints":{"allow":["GET"]}}],"collection":[{"href":"https:\/\/www.mindsalike.es\/ca\/wp-json\/wp\/v2\/pages"}],"about":[{"href":"https:\/\/www.mindsalike.es\/ca\/wp-json\/wp\/v2\/types\/page"}],"author":[{"embeddable":true,"href":"https:\/\/www.mindsalike.es\/ca\/wp-json\/wp\/v2\/users\/1"}],"replies":[{"embeddable":true,"href":"https:\/\/www.mindsalike.es\/ca\/wp-json\/wp\/v2\/comments?post=921"}],"version-history":[{"count":3,"href":"https:\/\/www.mindsalike.es\/ca\/wp-json\/wp\/v2\/pages\/921\/revisions"}],"predecessor-version":[{"id":1175,"href":"https:\/\/www.mindsalike.es\/ca\/wp-json\/wp\/v2\/pages\/921\/revisions\/1175"}],"wp:attachment":[{"href":"https:\/\/www.mindsalike.es\/ca\/wp-json\/wp\/v2\/media?parent=921"}],"curies":[{"name":"wp","href":"https:\/\/api.w.org\/{rel}","templated":true}]}}