{"id":925,"date":"2024-10-29T13:41:58","date_gmt":"2024-10-29T12:41:58","guid":{"rendered":"https:\/\/www.mindsalike.es\/?page_id=925"},"modified":"2025-02-22T15:56:59","modified_gmt":"2025-02-22T14:56:59","slug":"soc-una-persona-autonoma","status":"publish","type":"page","link":"https:\/\/www.mindsalike.es\/ca\/soc-una-persona-autonoma\/","title":{"rendered":"Soc una persona aut\u00f2noma"},"content":{"rendered":"<div class=\"fusion-fullwidth fullwidth-box fusion-builder-row-1 fusion-flex-container has-pattern-background has-mask-background hundred-percent-fullwidth non-hundred-percent-height-scrolling green-background\" style=\"--awb-background-position:left top;--awb-border-radius-top-left:0px;--awb-border-radius-top-right:0px;--awb-border-radius-bottom-right:0px;--awb-border-radius-bottom-left:0px;--awb-padding-right:60px;--awb-padding-bottom:0px;--awb-padding-right-small:0px;--awb-margin-bottom:0px;--awb-flex-wrap:wrap;\" ><div class=\"fusion-builder-row fusion-row fusion-flex-align-items-flex-start fusion-flex-content-wrap\" style=\"width:104% !important;max-width:104% !important;margin-left: calc(-4% \/ 2 );margin-right: calc(-4% \/ 2 );\"><div class=\"fusion-layout-column fusion_builder_column fusion-builder-column-0 fusion_builder_column_1_4 1_4 fusion-flex-column\" style=\"--awb-bg-size:cover;--awb-width-large:25%;--awb-margin-top-large:0px;--awb-spacing-right-large:7.68%;--awb-margin-bottom-large:0px;--awb-spacing-left-large:7.68%;--awb-width-medium:33.333333333333%;--awb-order-medium:0;--awb-spacing-right-medium:5.76%;--awb-spacing-left-medium:5.76%;--awb-width-small:100%;--awb-order-small:0;--awb-spacing-right-small:1.92%;--awb-spacing-left-small:1.92%;\" data-scroll-devices=\"small-visibility,medium-visibility,large-visibility\"><div class=\"fusion-column-wrapper fusion-column-has-shadow fusion-flex-justify-content-flex-start fusion-content-layout-column\"><\/div><\/div><div class=\"fusion-layout-column fusion_builder_column fusion-builder-column-1 fusion_builder_column_3_4 3_4 fusion-flex-column\" style=\"--awb-bg-size:cover;--awb-width-large:75%;--awb-margin-top-large:150px;--awb-spacing-right-large:2.56%;--awb-margin-bottom-large:0px;--awb-spacing-left-large:2.56%;--awb-width-medium:66.666666666667%;--awb-order-medium:0;--awb-spacing-right-medium:2.88%;--awb-spacing-left-medium:2.88%;--awb-width-small:100%;--awb-order-small:0;--awb-spacing-right-small:1.92%;--awb-spacing-left-small:1.92%;\" data-scroll-devices=\"small-visibility,medium-visibility,large-visibility\"><div class=\"fusion-column-wrapper fusion-column-has-shadow fusion-flex-justify-content-flex-start fusion-content-layout-column\"><div class=\"fusion-text fusion-text-1 fusion-animated fusion-text-no-margin\" style=\"--awb-margin-bottom:20px;\" data-animationType=\"fadeIn\" data-animationDuration=\"2.0\" data-animationOffset=\"top-into-view\"><p>Reconeixem molt la teva labor. Per aix\u00f2 t&#8217;enviem una forta abra\u00e7ada i et fem la pilota abans que decideixis ser el nostre client o clienta.<\/p>\n<\/div><div class=\"fusion-text fusion-text-2 fusion-animated fusion-text-no-margin\" style=\"--awb-margin-bottom:20px;\" data-animationType=\"fadeIn\" data-animationDuration=\"2.0\" data-animationOffset=\"bottom-in-view\"><p>A continuaci\u00f3, tens els tipus de serveis que oferim. Com veur\u00e0s, l&#8217;aparador \u00e9s ampli.<\/p>\n<\/div><div class=\"fusion-text fusion-text-3 fusion-animated fusion-text-no-margin\" style=\"--awb-margin-top:20px;--awb-margin-bottom:40px;\" data-animationType=\"fadeIn\" data-animationDuration=\"2.0\" data-animationOffset=\"bottom-in-view\"><p><strong>estrat\u00e8gia de m\u00e0rqueting i comunicaci\u00f3 <span style=\"color: #8ab91d;\">\u00b7<\/span> <span style=\"color: #878785;\">desenvolupament de continguts<\/span> <span style=\"color: #8ab91d;\">\u00b7<\/span> disseny gr\u00e0fic i br\u00e0nding <span style=\"color: #8ab91d;\">\u00b7<\/span> <span style=\"color: #878785;\">educaci\u00f3 i formaci\u00f3<\/span> <span style=\"color: #8ab91d;\">\u00b7<\/span> campanyes <span style=\"color: #8ab91d;\">\u00b7<\/span> digital m\u00e0rqueting <span style=\"color: #8ab91d;\">\u00b7<\/span> <span style=\"color: #878785;\">comunicaci\u00f3 corporativa<\/span> <span style=\"color: #8ab91d;\">\u00b7<\/span> congressos i esdeveniments<\/strong><\/p>\n<\/div><div class=\"fusion-text fusion-text-4 fusion-animated fusion-text-no-margin\" style=\"--awb-margin-bottom:20px;\" data-animationType=\"fadeIn\" data-animationDuration=\"2.0\" data-animationOffset=\"bottom-in-view\"><p>No et preocupis, pots estar mirant l&#8217;estona que necessitis. <a href=\"https:\/\/www.mindsalike.es\/ca\/contacte\/\">Una vegada acabis<\/a>\u2026<\/p>\n<\/div><\/div><\/div><\/div><\/div>\n","protected":false},"excerpt":{"rendered":"","protected":false},"author":1,"featured_media":0,"parent":0,"menu_order":0,"comment_status":"closed","ping_status":"closed","template":"","meta":{"footnotes":""},"class_list":["post-925","page","type-page","status-publish","hentry"],"aioseo_notices":[],"_links":{"self":[{"href":"https:\/\/www.mindsalike.es\/ca\/wp-json\/wp\/v2\/pages\/925","targetHints":{"allow":["GET"]}}],"collection":[{"href":"https:\/\/www.mindsalike.es\/ca\/wp-json\/wp\/v2\/pages"}],"about":[{"href":"https:\/\/www.mindsalike.es\/ca\/wp-json\/wp\/v2\/types\/page"}],"author":[{"embeddable":true,"href":"https:\/\/www.mindsalike.es\/ca\/wp-json\/wp\/v2\/users\/1"}],"replies":[{"embeddable":true,"href":"https:\/\/www.mindsalike.es\/ca\/wp-json\/wp\/v2\/comments?post=925"}],"version-history":[{"count":2,"href":"https:\/\/www.mindsalike.es\/ca\/wp-json\/wp\/v2\/pages\/925\/revisions"}],"predecessor-version":[{"id":974,"href":"https:\/\/www.mindsalike.es\/ca\/wp-json\/wp\/v2\/pages\/925\/revisions\/974"}],"wp:attachment":[{"href":"https:\/\/www.mindsalike.es\/ca\/wp-json\/wp\/v2\/media?parent=925"}],"curies":[{"name":"wp","href":"https:\/\/api.w.org\/{rel}","templated":true}]}}